{"id":1828,"date":"2025-09-22T21:00:33","date_gmt":"2025-09-22T21:00:33","guid":{"rendered":"https:\/\/papapeut.com\/?page_id=1828"},"modified":"2025-09-22T21:02:38","modified_gmt":"2025-09-22T21:02:38","slug":"politique-de-confidentialite","status":"publish","type":"page","link":"https:\/\/etjachete.com\/en\/politique-de-confidentialite\/","title":{"rendered":"Politique de confidentialit\u00e9"},"content":{"rendered":"<div data-elementor-type=\"wp-page\" data-elementor-id=\"1828\" class=\"elementor elementor-1828\">\n\t\t\t\t<div class=\"elementor-element elementor-element-30422ed e-con-full e-flex e-con e-parent\" data-id=\"30422ed\" data-element_type=\"container\">\n\t\t\t\t<div class=\"elementor-element elementor-element-416bb5f elementor-widget elementor-widget-html\" data-id=\"416bb5f\" data-element_type=\"widget\" data-widget_type=\"html.default\">\n\t\t\t\t<div class=\"elementor-widget-container\">\n\t\t\t\t\t<!DOCTYPE html>\r\n<html lang=\"fr\">\r\n<head>\r\n    <meta charset=\"UTF-8\">\r\n    <meta name=\"viewport\" content=\"width=device-width, initial-scale=1.0\">\r\n    <title>Politique de Confidentialit\u00e9 - Papapeut.com<\/title>\r\n    <style>\r\n        .papapeut-privacy-body {\r\n            font-family: 'Segoe UI', Tahoma, Geneva, Verdana, sans-serif;\r\n            line-height: 1.6;\r\n            margin: 0;\r\n            padding: 20px;\r\n            background: white;\r\n            min-height: 100vh;\r\n        }\r\n        \r\n        .papapeut-privacy-container {\r\n            max-width: 1000px;\r\n            margin: 0 auto;\r\n            background: white;\r\n            border-radius: 15px;\r\n            box-shadow: 0 20px 40px rgba(0,0,0,0.1);\r\n            overflow: hidden;\r\n        }\r\n        \r\n        .papapeut-privacy-header {\r\n            background: linear-gradient(135deg, #ff6b6b 0%, #feca57 100%);\r\n            color: white;\r\n            padding: 40px 30px;\r\n            text-align: center;\r\n        }\r\n        \r\n        .papapeut-privacy-header h1 {\r\n            margin: 0;\r\n            font-size: 2.5em;\r\n            font-weight: 300;\r\n            text-shadow: 2px 2px 4px rgba(0,0,0,0.3);\r\n        }\r\n        \r\n        .papapeut-privacy-subtitle {\r\n            margin: 10px 0 0 0;\r\n            opacity: 0.9;\r\n            font-size: 1.1em;\r\n        }\r\n        \r\n        .papapeut-privacy-content {\r\n            padding: 40px;\r\n        }\r\n        \r\n        .papapeut-privacy-update-notice {\r\n            background: linear-gradient(135deg, #74b9ff, #0984e3);\r\n            color: white;\r\n            padding: 20px;\r\n            border-radius: 10px;\r\n            margin-bottom: 30px;\r\n            text-align: center;\r\n            box-shadow: 0 5px 15px rgba(116, 185, 255, 0.3);\r\n        }\r\n        \r\n        .papapeut-privacy-section {\r\n            margin-bottom: 30px;\r\n            padding: 25px;\r\n            background: #f8f9fa;\r\n            border-radius: 12px;\r\n            border-left: 5px solid #ff6b6b;\r\n            transition: transform 0.2s ease, box-shadow 0.2s ease;\r\n        }\r\n        \r\n        .papapeut-privacy-section:hover {\r\n            transform: translateY(-2px);\r\n            box-shadow: 0 8px 25px rgba(0,0,0,0.1);\r\n        }\r\n        \r\n        .papapeut-privacy-section h2 {\r\n            color: #2d3436;\r\n            margin-top: 0;\r\n            margin-bottom: 15px;\r\n            font-size: 1.4em;\r\n            display: flex;\r\n            align-items: center;\r\n            gap: 10px;\r\n        }\r\n        \r\n        .papapeut-privacy-section-icon {\r\n            width: 24px;\r\n            height: 24px;\r\n            background: linear-gradient(135deg, #ff6b6b, #feca57);\r\n            border-radius: 50%;\r\n            display: inline-flex;\r\n            align-items: center;\r\n            justify-content: center;\r\n            font-size: 14px;\r\n        }\r\n        \r\n        .papapeut-privacy-section p {\r\n            color: #636e72;\r\n            margin-bottom: 15px;\r\n        }\r\n        \r\n        .papapeut-privacy-section ul {\r\n            color: #636e72;\r\n        }\r\n        \r\n        .papapeut-privacy-section li {\r\n            color: #636e72;\r\n            margin-bottom: 8px;\r\n        }\r\n        \r\n        .papapeut-privacy-highlight-box {\r\n            background: linear-gradient(135deg, #a8e6cf, #88d8a3);\r\n            border: none;\r\n            border-radius: 10px;\r\n            padding: 20px;\r\n            margin: 20px 0;\r\n            color: #2d5016;\r\n            font-weight: 500;\r\n        }\r\n        \r\n        .papapeut-privacy-data-types {\r\n            display: grid;\r\n            grid-template-columns: repeat(auto-fit, minmax(250px, 1fr));\r\n            gap: 15px;\r\n            margin: 20px 0;\r\n        }\r\n        \r\n        .papapeut-privacy-data-type {\r\n            background: white;\r\n            border: 2px solid #e17055;\r\n            border-radius: 8px;\r\n            padding: 15px;\r\n            text-align: center;\r\n            transition: all 0.3s ease;\r\n        }\r\n        \r\n        .papapeut-privacy-data-type:hover {\r\n            border-color: #ff6b6b;\r\n            transform: scale(1.02);\r\n        }\r\n        \r\n        .papapeut-privacy-contact-info {\r\n            background: linear-gradient(135deg, #fd79a8, #e84393);\r\n            color: white;\r\n            padding: 25px;\r\n            border-radius: 12px;\r\n            margin: 30px 0;\r\n            text-align: center;\r\n        }\r\n        \r\n        .papapeut-privacy-contact-info h3 {\r\n            margin-top: 0;\r\n            font-size: 1.3em;\r\n        }\r\n        \r\n        .papapeut-privacy-contact-info p {\r\n            color: white;\r\n        }\r\n        \r\n        .papapeut-privacy-rights-list {\r\n            background: #f1f2f6;\r\n            border-left: 4px solid #3742fa;\r\n            padding: 20px;\r\n            margin: 20px 0;\r\n        }\r\n        \r\n        .papapeut-privacy-rights-list ul {\r\n            margin: 0;\r\n            padding-left: 20px;\r\n        }\r\n        \r\n        .papapeut-privacy-rights-list li {\r\n            margin-bottom: 8px;\r\n            color: #2f3542;\r\n        }\r\n        \r\n        .papapeut-privacy-security-measures {\r\n            display: grid;\r\n            grid-template-columns: repeat(auto-fit, minmax(200px, 1fr));\r\n            gap: 15px;\r\n            margin: 20px 0;\r\n        }\r\n        \r\n        .papapeut-privacy-security-item {\r\n            background: linear-gradient(135deg, #ffeaa7, #fdcb6e);\r\n            padding: 15px;\r\n            border-radius: 8px;\r\n            text-align: center;\r\n            font-weight: 500;\r\n            color: #2d3436;\r\n        }\r\n        \r\n        .papapeut-privacy-footer {\r\n            text-align: center;\r\n            margin-top: 40px;\r\n            padding: 20px;\r\n            background: #f8f9fa;\r\n            border-radius: 10px;\r\n        }\r\n        \r\n        .papapeut-privacy-footer p:first-child {\r\n            color: #636e72;\r\n            font-style: italic;\r\n        }\r\n        \r\n        .papapeut-privacy-footer p:last-child {\r\n            color: #2d3436;\r\n            font-weight: bold;\r\n        }\r\n        \r\n        @media (max-width: 768px) {\r\n            .papapeut-privacy-body {\r\n                padding: 10px;\r\n            }\r\n            \r\n            .papapeut-privacy-content {\r\n                padding: 20px;\r\n            }\r\n            \r\n            .papapeut-privacy-header {\r\n                padding: 30px 20px;\r\n            }\r\n            \r\n            .papapeut-privacy-header h1 {\r\n                font-size: 2em;\r\n            }\r\n            \r\n            .papapeut-privacy-data-types, \r\n            .papapeut-privacy-security-measures {\r\n                grid-template-columns: 1fr;\r\n            }\r\n        }\r\n    <\/style>\r\n<\/head>\r\n<body class=\"papapeut-privacy-body\">\r\n    <div class=\"papapeut-privacy-container\">\r\n        <div class=\"papapeut-privacy-header\">\r\n            <h1>Privacy Policy<\/h1>\r\n            <p class=\"papapeut-privacy-subtitle\">Papapeut.com - Everything for your children in Guinea<\/p>\r\n        <\/div>\r\n        \r\n        <div class=\"papapeut-privacy-content\">\r\n            <div class=\"papapeut-privacy-update-notice\">\r\n                <strong>Last update :<\/strong> September 23, 2025<br>\r\n                This policy applies to our website and mobile application.\r\n            <\/div>\r\n\r\n            <div class=\"papapeut-privacy-section\">\r\n                <h2><span class=\"papapeut-privacy-section-icon\">\ud83c\udf1f<\/span>Introduction<\/h2>\r\n                <p>Welcome to Papapeut.com, your trusted platform for buying children's toys and accessories in Guinea. We are committed to protecting your privacy and handling your personal data transparently and securely.<\/p>\r\n                <p>This privacy policy explains how we collect, use, store and protect your personal information when you use our website and mobile application.<\/p>\r\n                \r\n                <div class=\"papapeut-privacy-highlight-box\">\r\n                    <strong>Privacy Policy :<\/strong> We respect your privacy and comply with Guinean data protection laws and international standards.\r\n                <\/div>\r\n            <\/div>\r\n\r\n            <div class=\"papapeut-privacy-section\">\r\n                <h2><span class=\"papapeut-privacy-section-icon\">\ud83d\udcca<\/span>Information We Collect<\/h2>\r\n                <p>We collect different types of information to offer you the best possible service:<\/p>\r\n                \r\n                <div class=\"papapeut-privacy-data-types\">\r\n                    <div class=\"papapeut-privacy-data-type\">\r\n                        <strong>Registration Information<\/strong><br>\r\n                        Last name, first name, e-mail address, telephone number\r\n                    <\/div>\r\n                    <div class=\"papapeut-privacy-data-type\">\r\n                        <strong>Delivery Information<\/strong><br>\r\n                        Full address, city, region, delivery instructions\r\n                    <\/div>\r\n                    <div class=\"papapeut-privacy-data-type\">\r\n                        <strong>Payment Information<\/strong><br>\r\n                        Transaction data (secure), preferred payment method\r\n                    <\/div>\r\n                    <div class=\"papapeut-privacy-data-type\">\r\n                        <strong>Usage data<\/strong><br>\r\n                        Pages visited, products viewed, time spent on site\r\n                    <\/div>\r\n                    <div class=\"papapeut-privacy-data-type\">\r\n                        <strong>Technical Information<\/strong><br>\r\n                        IP address, device type, browser, operating system\r\n                    <\/div>\r\n                    <div class=\"papapeut-privacy-data-type\">\r\n                        <strong>Location data<\/strong><br>\r\n                        Approximate location for delivery and customer service\r\n                    <\/div>\r\n                <\/div>\r\n            <\/div>\r\n\r\n            <div class=\"papapeut-privacy-section\">\r\n                <h2><span class=\"papapeut-privacy-section-icon\">\ud83c\udfaf<\/span>How We Use Your Data<\/h2>\r\n                <p>We use your personal information to :<\/p>\r\n                <ul>\r\n                    <li><strong>Order processing :<\/strong> Manage your purchases, confirm orders and organize deliveries<\/li>\r\n                    <li><strong>Customer service :<\/strong> Answering your questions, solving problems and improving support<\/li>\r\n                    <li><strong>Communication :<\/strong> Send you order confirmations, delivery updates and important information<\/li>\r\n                    <li><strong>Customization :<\/strong> Recommend products adapted to your preferences and purchasing history<\/li>\r\n                    <li><strong>Marketing :<\/strong> Inform you of promotions and new products (with your consent)<\/li>\r\n                    <li><strong>Safety :<\/strong> Prevent fraud and ensure the security of our platform<\/li>\r\n                    <li><strong>Analysis:<\/strong> Improve our website and mobile application<\/li>\r\n                <\/ul>\r\n            <\/div>\r\n\r\n            <div class=\"papapeut-privacy-section\">\r\n                <h2><span class=\"papapeut-privacy-section-icon\">\ud83d\udee1\ufe0f<\/span>Data security<\/h2>\r\n                <p>Protecting your data is our top priority. We implement several security measures:<\/p>\r\n                \r\n                <div class=\"papapeut-privacy-security-measures\">\r\n                    <div class=\"papapeut-privacy-security-item\">SSL\/TLS encryption<\/div>\r\n                    <div class=\"papapeut-privacy-security-item\">Secure servers<\/div>\r\n                    <div class=\"papapeut-privacy-security-item\">Restricted access<\/div>\r\n                    <div class=\"papapeut-privacy-security-item\">24\/7 monitoring<\/div>\r\n                    <div class=\"papapeut-privacy-security-item\">Regular backups<\/div>\r\n                    <div class=\"papapeut-privacy-security-item\">Safety Audits<\/div>\r\n                <\/div>\r\n                \r\n                <div class=\"papapeut-privacy-highlight-box\">\r\n                    <strong>Payment security :<\/strong> All transactions are secure and we never store your full credit card details on our servers.\r\n                <\/div>\r\n            <\/div>\r\n\r\n            <div class=\"papapeut-privacy-section\">\r\n                <h2><span class=\"papapeut-privacy-section-icon\">\ud83d\udc65<\/span>Data Sharing<\/h2>\r\n                <p>We never sell your personal data. We share your information only in the following cases:<\/p>\r\n                <ul>\r\n                    <li><strong>Delivery Partners :<\/strong> Necessary information for the delivery of your orders<\/li>\r\n                    <li><strong>Payment processors :<\/strong> Data required to process transactions securely<\/li>\r\n                    <li><strong>Platform Sellers :<\/strong> Ordering information for multi-vendor sellers<\/li>\r\n                    <li><strong>Legal obligations :<\/strong> When required by Guinean law or to protect our rights<\/li>\r\n                    <li><strong>Service providers :<\/strong> Technical service providers who help us run our platform<\/li>\r\n                <\/ul>\r\n                \r\n                <p>All our partners are committed to respecting the confidentiality of your data in accordance with our high standards.<\/p>\r\n            <\/div>\r\n\r\n            <div class=\"papapeut-privacy-section\">\r\n                <h2><span class=\"papapeut-privacy-section-icon\">\u2696\ufe0f<\/span>Your rights<\/h2>\r\n                <p>In accordance with data protection laws, you have the following rights:<\/p>\r\n                \r\n                <div class=\"papapeut-privacy-rights-list\">\r\n                    <ul>\r\n                        <li><strong>Access rights :<\/strong> Request a copy of your personal data<\/li>\r\n                        <li><strong>Right of rectification :<\/strong> Correct or update your information<\/li>\r\n                        <li><strong>Right of deletion :<\/strong> Request the deletion of your data<\/li>\r\n                        <li><strong>Right of Portability :<\/strong> Receive your data in a structured format<\/li>\r\n                        <li><strong>Right of objection :<\/strong> Oppose the processing of your data for marketing purposes<\/li>\r\n                        <li><strong>Right of Limitation :<\/strong> Request the restriction of the processing of your data<\/li>\r\n                        <li><strong>Right of Withdrawal :<\/strong> Withdraw your consent at any time<\/li>\r\n                    <\/ul>\r\n                <\/div>\r\n                \r\n                <p>To exercise these rights, please contact us using the means indicated in the contact section.<\/p>\r\n            <\/div>\r\n\r\n            <div class=\"papapeut-privacy-section\">\r\n                <h2><span class=\"papapeut-privacy-section-icon\">\ud83c\udf6a<\/span>Cookies and Similar Technologies<\/h2>\r\n                <p>We use cookies and similar technologies to :<\/p>\r\n                <ul>\r\n                    <li>Maintain your login session<\/li>\r\n                    <li>Remember your preferences and shopping cart<\/li>\r\n                    <li>Analyze the use of our site to improve it<\/li>\r\n                    <li>Personalize your user experience<\/li>\r\n                    <li>Measure the effectiveness of our marketing campaigns<\/li>\r\n                <\/ul>\r\n                \r\n                <p>You can set your browser to refuse cookies, but some site functions may not work properly.<\/p>\r\n            <\/div>\r\n\r\n            <div class=\"papapeut-privacy-section\">\r\n                <h2><span class=\"papapeut-privacy-section-icon\">\ud83d\udcf1<\/span>Mobile Application<\/h2>\r\n                <p>Our mobile application may collect additional information:<\/p>\r\n                <ul>\r\n                    <li><strong>Device data :<\/strong> Model, operating system, unique identifier<\/li>\r\n                    <li><strong>Push notifications :<\/strong> With your permission to inform you of offers<\/li>\r\n                    <li><strong>Location:<\/strong> To improve delivery services (optional)<\/li>\r\n                    <li><strong>Photos\/Camera :<\/strong> For customer reviews with photos (with permission)<\/li>\r\n                    <li><strong>Local storage :<\/strong> Cache to improve performance<\/li>\r\n                <\/ul>\r\n                \r\n                <div class=\"papapeut-privacy-highlight-box\">\r\n                    All permissions are requested transparently, and you can change them in your device settings.\r\n                <\/div>\r\n            <\/div>\r\n\r\n            <div class=\"papapeut-privacy-section\">\r\n                <h2><span class=\"papapeut-privacy-section-icon\">\ud83d\udc76<\/span>Protection of minors<\/h2>\r\n                <p>Although our site is dedicated to children's products, our services are intended for adults. We do not knowingly collect personal information from children under the age of 18.<\/p>\r\n                <p>If you are a parent or guardian and you believe that your child has provided us with personal information, please contact us immediately so that we can delete this data.<\/p>\r\n            <\/div>\r\n\r\n            <div class=\"papapeut-privacy-section\">\r\n                <h2><span class=\"papapeut-privacy-section-icon\">\ud83c\udf0d<\/span>International Transfers<\/h2>\r\n                <p>Your data may be transferred to and stored in countries other than Guinea, in particular for :<\/p>\r\n                <ul>\r\n                    <li>Secure cloud computing services<\/li>\r\n                    <li>International payment processors<\/li>\r\n                    <li>Analysis and technical support services<\/li>\r\n                <\/ul>\r\n                <p>We ensure that all transfers comply with the appropriate protection standards.<\/p>\r\n            <\/div>\r\n\r\n            <div class=\"papapeut-privacy-section\">\r\n                <h2><span class=\"papapeut-privacy-section-icon\">\u23f0<\/span>Data retention<\/h2>\r\n                <p>We keep your personal data for as long as necessary for :<\/p>\r\n                <ul>\r\n                    <li>Providing our services and managing your account<\/li>\r\n                    <li>Meeting our legal and accounting obligations<\/li>\r\n                    <li>Resolving disputes and enforcing our agreements<\/li>\r\n                <\/ul>\r\n                <p><strong>Typical storage periods :<\/strong><\/p>\r\n                <ul>\r\n                    <li>Account data : Until requested deletion or 3 years of inactivity<\/li>\r\n                    <li>Order data: 7 years for tax purposes<\/li>\r\n                    <li>Marketing data: until consent is withdrawn<\/li>\r\n                    <li>Technical logs: 12 months maximum<\/li>\r\n                <\/ul>\r\n            <\/div>\r\n\r\n            <div class=\"papapeut-privacy-section\">\r\n                <h2><span class=\"papapeut-privacy-section-icon\">\ud83d\udd04<\/span>Changes to this Policy<\/h2>\r\n                <p>We may update this Privacy Policy from time to time to reflect changes in our practices or for legal reasons.<\/p>\r\n                <p>Important changes will be communicated by :<\/p>\r\n                <ul>\r\n                    <li>E-mail notification to registered users<\/li>\r\n                    <li>Banner on our website and application<\/li>\r\n                    <li>Date updated at the top of this page<\/li>\r\n                <\/ul>\r\n                <p>We encourage you to consult this page regularly to keep up to date with our practices.<\/p>\r\n            <\/div>\r\n\r\n            <div class=\"papapeut-privacy-contact-info\">\r\n                <h3>\ud83e\udd1d Contact us<\/h3>\r\n                <p>If you have any questions about this privacy policy or your personal data :<\/p>\r\n                <p><strong>Email :<\/strong> privacy@papapeut.com<br>\r\n                <strong>Customer service :<\/strong> contact@papapeut.com<br>\r\n                <strong>Address:<\/strong> Conakry, Guinea<\/p>\r\n                <p><strong>Data Protection Officer :<\/strong> dpo@papapeut.com<\/p>\r\n            <\/div>\r\n\r\n            <div class=\"papapeut-privacy-section\">\r\n                <h2><span class=\"papapeut-privacy-section-icon\">\ud83d\udccb<\/span>Legal Compliance<\/h2>\r\n                <p>This privacy policy is designed to comply with :<\/p>\r\n                <ul>\r\n                    <li>Guinean data protection legislation<\/li>\r\n                    <li>Google Play Store requirements<\/li>\r\n                    <li>International data protection standards<\/li>\r\n                    <li>Best practices in e-commerce<\/li>\r\n                <\/ul>\r\n                \r\n                <div class=\"papapeut-privacy-highlight-box\">\r\n                    <strong>Commitment:<\/strong> We are committed to maintaining the highest standards of data protection and evolving with regulations.\r\n                <\/div>\r\n            <\/div>\r\n\r\n            <div class=\"papapeut-privacy-footer\">\r\n                <p>Thank you for trusting us with your purchases of children's toys and accessories. Protecting your privacy is at the heart of our commitment to you.<\/p>\r\n                <p>Team Papapeut.com \ud83e\uddf8<\/p>\r\n            <\/div>\r\n        <\/div>\r\n    <\/div>\r\n<\/body>\r\n<\/html>\t\t\t\t<\/div>\n\t\t\t\t<\/div>\n\t\t\t\t<\/div>\n\t\t\t\t<\/div>","protected":false},"excerpt":{"rendered":"<p>Politique de Confidentialit\u00e9 &#8211; Papapeut.com Politique de Confidentialit\u00e9 Papapeut.com &#8211; Tout pour vos Enfants en Guin\u00e9e Derni\u00e8re mise \u00e0 jour<\/p>","protected":false},"author":4,"featured_media":0,"parent":0,"menu_order":0,"comment_status":"closed","ping_status":"closed","template":"elementor_header_footer","meta":{"_monsterinsights_skip_tracking":false,"_monsterinsights_sitenote_active":false,"_monsterinsights_sitenote_note":"","_monsterinsights_sitenote_category":0,"footnotes":""},"class_list":["post-1828","page","type-page","status-publish","hentry"],"_links":{"self":[{"href":"https:\/\/etjachete.com\/en\/wp-json\/wp\/v2\/pages\/1828","targetHints":{"allow":["GET"]}}],"collection":[{"href":"https:\/\/etjachete.com\/en\/wp-json\/wp\/v2\/pages"}],"about":[{"href":"https:\/\/etjachete.com\/en\/wp-json\/wp\/v2\/types\/page"}],"author":[{"embeddable":true,"href":"https:\/\/etjachete.com\/en\/wp-json\/wp\/v2\/users\/4"}],"replies":[{"embeddable":true,"href":"https:\/\/etjachete.com\/en\/wp-json\/wp\/v2\/comments?post=1828"}],"version-history":[{"count":4,"href":"https:\/\/etjachete.com\/en\/wp-json\/wp\/v2\/pages\/1828\/revisions"}],"predecessor-version":[{"id":1832,"href":"https:\/\/etjachete.com\/en\/wp-json\/wp\/v2\/pages\/1828\/revisions\/1832"}],"wp:attachment":[{"href":"https:\/\/etjachete.com\/en\/wp-json\/wp\/v2\/media?parent=1828"}],"curies":[{"name":"wp","href":"https:\/\/api.w.org\/{rel}","templated":true}]}}